{"id":35,"date":"2018-08-16T10:03:56","date_gmt":"2018-08-16T08:03:56","guid":{"rendered":"http:\/\/asv-mastholte.de\/?page_id=35"},"modified":"2023-08-14T13:53:10","modified_gmt":"2023-08-14T11:53:10","slug":"35-2","status":"publish","type":"page","link":"http:\/\/asv-mastholte.de\/?page_id=35","title":{"rendered":"Kontakt\/ Impressum\/ Datenschutz"},"content":{"rendered":"<table width=\"806\">\n<tbody>\n<tr>\n<td colspan=\"5\" width=\"797\"><\/td>\n<td width=\"12\"><\/td>\n<\/tr>\n<tr>\n<td colspan=\"6\" width=\"806\"><\/td>\n<\/tr>\n<tr>\n<td width=\"39\"><\/td>\n<td width=\"27\"><\/td>\n<td width=\"667\"><\/td>\n<td width=\"27\"><\/td>\n<td colspan=\"2\" width=\"58\"><\/td>\n<\/tr>\n<tr>\n<td colspan=\"2\"><\/td>\n<td width=\"667\"><strong>B\u00fcrozeiten:<\/strong><strong><br \/>\n<\/strong><strong><br \/>\n<\/strong><strong>Verl\u00e4ngerung der Angelpapiere und Neuaufnahmen sind von M\u00e4rz bis Oktober jeweils am ersten Sonntag zwischen 10:00 und 12:00 Uhr beim Fr\u00fchschoppen im Vereinsb\u00fcro am Heidesee (Delbr\u00fccker Weg 185, 59558 Lippstadt) m\u00f6glich. Bei Fragen oder Anliegen, Kontakt nat\u00fcrlich immer telefonisch oder per E-Mail m\u00f6glich.<br \/>\n<\/strong><em>&nbsp;<\/em><\/td>\n<td colspan=\"3\"><\/td>\n<\/tr>\n<tr>\n<td colspan=\"6\"><\/td>\n<\/tr>\n<tr>\n<td><\/td>\n<td colspan=\"3\" width=\"721\"><strong><u>IMPRESSUM<\/u><\/strong><\/p>\n<p>ASV \u201cPetri Heil\u201d Mastholte e.V.<br \/>\nLippst\u00e4dter Str. 25<br \/>\nTel \/ Fax: 02944\/2264<br \/>\nOrt: Mastholte (Stadt Rietberg)<\/p>\n<p><strong>Erster Vorsitzender<\/strong><\/p>\n<p>Albert Knepper&nbsp; &#8211;&nbsp; Lippst\u00e4dter Stra\u00dfe 25&nbsp; &#8211;&nbsp; 33397 Rietberg-Mastholte<br \/>\nHandy 0175 &#8211; 6188880&nbsp; &#8211;&nbsp; Mail: angelverein.mastholte@gmail.com<\/p>\n<p><strong>Zweiter Vorsitzender<\/strong><\/p>\n<p>Peter Roloff<br \/>\nTelefon &nbsp;0151 &#8211; 50571959 &#8211;&nbsp; Mail: angelverein.mastholte@gmail.com<\/p>\n<p><strong><u>Haftungsausschluss<\/u><\/strong><\/p>\n<p>Der Angelsportverein \u201cPetri Heil\u201d Mastholte e.V. bem\u00fcht sich, auf seiner Internetseite zutreffende Informationen und Daten zur Verf\u00fcgung zu stellen. Eine Haftung oder Garantie f\u00fcr die Aktualit\u00e4t, Richtigkeit und Vollst\u00e4ndigkeit der zur Verf\u00fcgung gestellten Informationen und Daten ist jedoch ausgeschlossen. Dies gilt ebenfalls auch f\u00fcr alle anderen direkt oder indirekt aufgef\u00fchrten Internetseiten, auf welche mittels Hyperlinks verwiesen wird. Der Angelsportverein \u201cPetri Heil\u201d Mastholte e.V.ist f\u00fcr den Inhalt solcher Internetseiten, die durch diese Hyperlinks erreicht werden, nicht verantwortlich.<\/p>\n<p>Der Angelsportverein \u201cPetri Heil\u201d Mastholte e.V. haftet dar\u00fcber hinaus weder f\u00fcr direkte noch indirekte Sch\u00e4den, einschlie\u00dflich entgangenen Gewinns, die durch die Nutzung der auf dieser Internetseite zu findenden Informationen oder Daten entstehen. Ausgeschlossen sind auch Rechte und Pflichten zwischen dem Angelsportverein \u201cPetri Heil\u201d Mastholte e.V.und dem Nutzer dieser Internetseite oder Dritten.<\/p>\n<p>Der Angelsportverein \u201cPetri Heil\u201d Mastholte e.V. beh\u00e4lt sich vor, ohne vorherige Ank\u00fcndigung, jederzeit \u00c4nderungen oder Erg\u00e4nzungen der bereitgestellten Informationen und Daten vorzunehmen. Der Inhalt dieser Internetseite, insbesondere alle Texte, Bilder und Grafiken unterliegen dem Urheberrecht und anderen Gesetzen zum Schutz geistigen Eigentums. Der Angelsportverein \u201cPetri Heil\u201d Mastholte e.V. gew\u00e4hrt jedoch den Nutzern das Recht, die auf dieser Internetseite bereitgestellten Texte, Bilder und Grafiken zu publizistischen Zwecken im Rahmen des geltenden Presse- und Urheberrechts ganz oder ausschnittsweise zu verwenden, zu speichern und zu vervielf\u00e4ltigen, wobei der Angelsportverein \u201cPetri Heil\u201d Mastholte e.V. als Quelle genannt werden muss.<\/p>\n<p>Die auf der Internetseite des Angelsportverein \u201cPetri Heil\u201d Mastholte e.V. bereitgestellten Texte, Bilder und Grafiken d\u00fcrfen aber weder ver\u00e4ndert, noch f\u00fcr Handelszwecke kopiert und auf anderen Internetseiten verwendet werden. Die Internetseite des Angelsportverein \u201cPetri Heil\u201d Mastholte e.V. gew\u00e4hrt auch keinerlei Lizenzrechte an dem geistigen Eigentum des Angelsportvereins \u201cPetri Heil\u201d Mastholte e.V.. Alle auf dieser Internetseite genannten Marken und Logos sind gesetzlich gesch\u00fctzte Warenzeichen.<\/p>\n<p>S\u00e4mtliche auf der Internetseite des Angelsportverein \u201cPetri Heil\u201d Mastholte e.V. zur Verf\u00fcgung gestellten Informationen und Daten, ihre Nutzung und Anwendung sowie s\u00e4mtliches mit der Internetseite zusammenh\u00e4ngendes Tun, Dulden oder Unterlassen unterliegen ausschlie\u00dflich deutschem Recht. Erf\u00fcllungsort und ausschlie\u00dflicher Gerichtsstand ist \u201eName der Stadt in welcher der Verein beim Amtsgericht eingetragen ist\u201c.<\/p>\n<p><strong><u>Datenschutzerkl\u00e4rung<\/u><\/strong><\/p>\n<p>Personenbezogene Daten (nachfolgend zumeist nur \u201eDaten\u201c genannt) werden von uns nur im Rahmen der Erforderlichkeit sowie zum Zwecke der Bereitstellung eines funktionsf\u00e4higen und nutzerfreundlichen Internetauftritts, inklusive seiner Inhalte und der dort angebotenen Leistungen, verarbeitet<br \/>\n.<br \/>\nGem\u00e4\u00df Art. 4 Ziffer 1. der Verordnung (EU) 2016\/679, also der Datenschutz-Grundverordnung (nachfolgend nur \u201eDSGVO\u201c genannt), gilt als \u201eVerarbeitung\u201c jeder mit oder ohne Hilfe automatisierter Verfahren ausgef\u00fchrter Vorgang oder jede solche Vorgangsreihe im Zusammenhang mit personenbezogenen Daten, wie das Erheben, das Erfassen, die Organisation, das Ordnen, die Speicherung, die Anpassung oder Ver\u00e4nderung, das Auslesen, das Abfragen, die Verwendung, die Offenlegung durch \u00dcbermittlung, Verbreitung oder eine andere Form der Bereitstellung, den Abgleich oder die Verkn\u00fcpfung, die Einschr\u00e4nkung, das L\u00f6schen oder die Vernichtung.<\/p>\n<p>Mit der nachfolgenden Datenschutzerkl\u00e4rung informieren wir Sie insbesondere \u00fcber Art, Umfang, Zweck, Dauer und Rechtsgrundlage der Verarbeitung personenbezogener Daten, soweit wir entweder allein oder gemeinsam mit anderen \u00fcber die Zwecke und Mittel der Verarbeitung entscheiden. Zudem informieren wir Sie nachfolgend \u00fcber die von uns zu Optimierungszwecken sowie zur Steigerung der Nutzungsqualit\u00e4t eingesetzten Fremdkomponenten, soweit hierdurch Dritte Daten in wiederum eigener Verantwortung verarbeiten.<\/p>\n<p>Unsere Datenschutzerkl\u00e4rung ist wie folgt gegliedert:<\/p>\n<p>I. Informationen \u00fcber uns als Verantwortliche<br \/>\nII. Rechte der Nutzer und Betroffenen<br \/>\nIII. Informationen zur Datenverarbeitung<\/p>\n<p><strong>I. Informationen \u00fcber uns als Verantwortliche<\/strong><br \/>\nVerantwortlicher Anbieter dieses Internetauftritts im datenschutzrechtlichen Sinne ist<\/p>\n<p>:<br \/>\nASV \u201cPetri Heil\u201d Mastholte e.V.<br \/>\nLippst\u00e4dter Str. 25<br \/>\nTel \/ Fax: 02944\/2264<br \/>\nOrt: Mastholte (Stadt Rietberg)<\/p>\n<p><strong>II. Rechte der Nutzer und Betroffenen<br \/>\n<\/strong><br \/>\nMit Blick auf die nachfolgend noch n\u00e4her beschriebene Datenverarbeitung haben die Nutzer und Betroffenen das Recht<br \/>\n\u2022auf Best\u00e4tigung, ob sie betreffende Daten verarbeitet werden, auf Auskunft \u00fcber die verarbeiteten Daten, auf weitere Informationen \u00fcber die Datenverarbeitung sowie auf Kopien der Daten (vgl. auch Art. 15 DSGVO);<br \/>\n\u2022auf Berichtigung oder Vervollst\u00e4ndigung unrichtiger bzw. unvollst\u00e4ndiger Daten (vgl. auch Art. 16 DSGVO);<br \/>\n\u2022auf unverz\u00fcgliche L\u00f6schung der sie betreffenden Daten (vgl. auch Art. 17 DSGVO), oder, alternativ, soweit eine weitere Verarbeitung gem\u00e4\u00df Art. 17 Abs. 3 DSGVO erforderlich ist, auf Einschr\u00e4nkung der Verarbeitung nach Ma\u00dfgabe von Art. 18 DSGVO;<br \/>\n\u2022auf Erhalt der sie betreffenden und von ihnen bereitgestellten Daten und auf \u00dcbermittlung dieser Daten an andere Anbieter\/Verantwortliche (vgl. auch Art. 20 DSGVO);<br \/>\n\u2022auf Beschwerde gegen\u00fcber der Aufsichtsbeh\u00f6rde, sofern sie der Ansicht sind, dass die sie betreffenden Daten durch den Anbieter unter Versto\u00df gegen datenschutzrechtliche Bestimmungen verarbeitet werden (vgl. auch Art. 77 DSGVO).<br \/>\nDar\u00fcber hinaus ist der Anbieter dazu verpflichtet, alle Empf\u00e4nger, denen gegen\u00fcber Daten durch den Anbieter offengelegt worden sind, \u00fcber jedwede Berichtigung oder L\u00f6schung von Daten oder die Einschr\u00e4nkung der Verarbeitung, die aufgrund der Artikel 16, 17 Abs. 1, 18 DSGVO erfolgt, zu unterrichten. Diese Verpflichtung besteht jedoch nicht, soweit diese Mitteilung unm\u00f6glich oder mit einem unverh\u00e4ltnism\u00e4\u00dfigen Aufwand verbunden ist. Unbeschadet dessen hat der Nutzer ein Recht auf Auskunft \u00fcber diese Empf\u00e4nger.<br \/>\nEbenfalls haben die Nutzer und Betroffenen nach Art. 21 DSGVO das Recht auf Widerspruch gegen die k\u00fcnftige Verarbeitung der sie betreffenden Daten, sofern die Daten durch den Anbieter nach Ma\u00dfgabe von Art. 6 Abs. 1 lit. f) DSGVO verarbeitet werden. Insbesondere ist ein Widerspruch gegen die Datenverarbeitung zum Zwecke der Direktwerbung statthaft.<\/p>\n<p><strong>III. Informationen zur Datenverarbeitung<\/strong><\/p>\n<p>Ihre bei Nutzung unseres Internetauftritts verarbeiteten Daten werden gel\u00f6scht oder gesperrt, sobald der Zweck der Speicherung entf\u00e4llt, der L\u00f6schung der Daten keine gesetzlichen Aufbewahrungspflichten entgegenstehen und nachfolgend keine anderslautenden Angaben zu einzelnen Verarbeitungsverfahren gemacht werden.<br \/>\nServerdaten<br \/>\nAus technischen Gr\u00fcnden, insbesondere zur Gew\u00e4hrleistung eines sicheren und stabilen Internetauftritts, werden Daten durch Ihren Internet-Browser an uns bzw. an unseren Webspace-Provider \u00fcbermittelt. Mit diesen sog. Server-Logfiles werden u.a. Typ und Version Ihres Internetbrowsers, das Betriebssystem, die Website, von der aus Sie auf unseren Internetauftritt gewechselt haben (Referrer URL), die Website(s) unseres Internetauftritts, die Sie besuchen, Datum und Uhrzeit des jeweiligen Zugriffs sowie die IP-Adresse des Internetanschlusses, von dem aus die Nutzung unseres Internetauftritts erfolgt, erhoben.<br \/>\nDiese so erhobenen Daten werden vorr\u00fcbergehend gespeichert, dies jedoch nicht gemeinsam mit anderen Daten von Ihnen.<br \/>\nDiese Speicherung erfolgt auf der Rechtsgrundlage von Art. 6 Abs. 1 lit. f) DSGVO. Unser berechtigtes Interesse liegt in der Verbesserung, Stabilit\u00e4t, Funktionalit\u00e4t und Sicherheit unseres Internetauftritts.<br \/>\nDie Daten werden sp\u00e4testens nach sieben Tage wieder gel\u00f6scht, soweit keine weitere Aufbewahrung zu Beweiszwecken erforderlich ist. Andernfalls sind die Daten bis zur endg\u00fcltigen Kl\u00e4rung eines Vorfalls ganz oder teilweise von der L\u00f6schung ausgenommen.<br \/>\nNewsletter<br \/>\nFalls Sie sich f\u00fcr unseren kostenlosen Newsletter anmelden, werden die von Ihnen hierzu per E-Mail angegebenen Daten, also Ihre E-Mail-Adresse sowie &#8211; optional &#8211; Ihr Name und Ihre Anschrift, an uns \u00fcbermittelt. Im Rahmen des weiteren Anmeldevorgangs werden wir Ihre Einwilligung in die \u00dcbersendung des Newsletters einholen, den Inhalt konkret beschreiben und auf diese Datenschutzerkl\u00e4rung verwiesen. Die dabei erhobenen Daten verwenden wir ausschlie\u00dflich f\u00fcr den Newsletter-Versand \u2013 sie werden deshalb insbesondere auch nicht an Dritte weitergegeben.<br \/>\nRechtsgrundlage hierbei ist Art. 6 Abs. 1 lit. a) DSGVO.<br \/>\nDie Einwilligung in den Newsletter-Versand k\u00f6nnen Sie gem\u00e4\u00df Art. 7 Abs. 3 DSGVO jederzeit mit Wirkung f\u00fcr die Zukunft widerrufen. Hierzu m\u00fcssen Sie uns lediglich \u00fcber Ihren Widerruf in Kenntnis setzen oder den in jedem Newsletter enthaltenen Abmeldelink bet\u00e4tigen.<br \/>\nKontaktanfragen \/ Kontaktm\u00f6glichkeit<br \/>\nSofern Sie per Kontaktformular oder E-Mail mit uns in Kontakt treten, werden die dabei von Ihnen angegebenen Daten zur Bearbeitung Ihrer Anfrage genutzt. Die Angabe der Daten ist zur Bearbeitung und Beantwortung Ihre Anfrage erforderlich &#8211; ohne deren Bereitstellung k\u00f6nnen wir Ihre Anfrage nicht oder allenfalls eingeschr\u00e4nkt beantworten.<br \/>\nRechtsgrundlage f\u00fcr diese Verarbeitung ist Art. 6 Abs. 1 lit. b) DSGVO.<br \/>\nIhre Daten werden gel\u00f6scht, sofern Ihre Anfrage abschlie\u00dfend beantwortet worden ist und der L\u00f6schung keine gesetzlichen Aufbewahrungspflichten entgegenstehen, wie bspw. bei einer sich etwaig anschlie\u00dfenden Vertragsabwicklung.<br \/>\nNutzerbeitr\u00e4ge, Kommentare und Bewertungen<br \/>\nWir bieten Ihnen an, auf unseren Internetseiten Fragen, Antworten, Meinungen oder Bewertungen, nachfolgend nur \u201eBeitr\u00e4ge genannt, zu ver\u00f6ffentlichen. Sofern Sie dieses Angebot in Anspruch nehmen, verarbeiten und ver\u00f6ffentlichen wir Ihren Beitrag, Datum und Uhrzeit der Einreichung sowie das von Ihnen ggf. genutzte Pseudonym.<br \/>\nRechtsgrundlage hierbei ist Art. 6 Abs. 1 lit. a) DSGVO. Die Einwilligung k\u00f6nnen Sie gem\u00e4\u00df Art. 7 Abs. 3 DSGVO jederzeit mit Wirkung f\u00fcr die Zukunft widerrufen. Hierzu m\u00fcssen Sie uns lediglich \u00fcber Ihren Widerruf in Kenntnis setzen.<br \/>\nDar\u00fcber hinaus verarbeiten wir auch Ihre IP- und E-Mail-Adresse. Die IP-Adresse wird verarbeitet, weil wir ein berechtigtes Interesse daran haben, weitere Schritte einzuleiten oder zu unterst\u00fctzen, sofern Ihr Beitrag in Rechte Dritter eingreift und\/oder er sonst wie rechtswidrig erfolgt.<br \/>\nRechtsgrundlage ist in diesem Fall Art. 6 Abs. 1 lit. f) DSGVO. Unser berechtigtes Interesse liegt in der ggf. notwendigen Rechtsverteidigung.<\/td>\n<td colspan=\"2\" width=\"58\"><\/td>\n<\/tr>\n<\/tbody>\n<\/table>\n","protected":false},"excerpt":{"rendered":"<p>B\u00fcrozeiten: Verl\u00e4ngerung der Angelpapiere und Neuaufnahmen sind von M\u00e4rz bis Oktober jeweils am ersten Sonntag zwischen 10:00 und 12:00 Uhr beim Fr\u00fchschoppen im Vereinsb\u00fcro am Heidesee (Delbr\u00fccker Weg 185, 59558 Lippstadt) m\u00f6glich. Bei Fragen oder Anliegen, Kontakt nat\u00fcrlich immer telefonisch oder per E-Mail m\u00f6glich. &nbsp; IMPRESSUM ASV \u201cPetri Heil\u201d Mastholte e.V. Lippst\u00e4dter Str. 25 Tel&hellip;<\/p>\n","protected":false},"author":2,"featured_media":0,"parent":0,"menu_order":0,"comment_status":"closed","ping_status":"closed","template":"","meta":{"footnotes":""},"class_list":["post-35","page","type-page","status-publish","hentry"],"_links":{"self":[{"href":"http:\/\/asv-mastholte.de\/index.php?rest_route=\/wp\/v2\/pages\/35","targetHints":{"allow":["GET"]}}],"collection":[{"href":"http:\/\/asv-mastholte.de\/index.php?rest_route=\/wp\/v2\/pages"}],"about":[{"href":"http:\/\/asv-mastholte.de\/index.php?rest_route=\/wp\/v2\/types\/page"}],"author":[{"embeddable":true,"href":"http:\/\/asv-mastholte.de\/index.php?rest_route=\/wp\/v2\/users\/2"}],"replies":[{"embeddable":true,"href":"http:\/\/asv-mastholte.de\/index.php?rest_route=%2Fwp%2Fv2%2Fcomments&post=35"}],"version-history":[{"count":9,"href":"http:\/\/asv-mastholte.de\/index.php?rest_route=\/wp\/v2\/pages\/35\/revisions"}],"predecessor-version":[{"id":945,"href":"http:\/\/asv-mastholte.de\/index.php?rest_route=\/wp\/v2\/pages\/35\/revisions\/945"}],"wp:attachment":[{"href":"http:\/\/asv-mastholte.de\/index.php?rest_route=%2Fwp%2Fv2%2Fmedia&parent=35"}],"curies":[{"name":"wp","href":"https:\/\/api.w.org\/{rel}","templated":true}]}}