{"id":64,"date":"2018-08-16T11:47:15","date_gmt":"2018-08-16T09:47:15","guid":{"rendered":"http:\/\/asv-mastholte.de\/?page_id=64"},"modified":"2025-01-14T14:00:58","modified_gmt":"2025-01-14T13:00:58","slug":"mitgliedschaft","status":"publish","type":"page","link":"http:\/\/asv-mastholte.de\/?page_id=64","title":{"rendered":"Mitgliedschaft"},"content":{"rendered":"<table width=\"799\">\n<tbody>\n<tr>\n<td width=\"799\"><img loading=\"lazy\" decoding=\"async\" class=\"size-full wp-image-461 alignleft\" src=\"http:\/\/asv-mastholte.de\/wp-content\/uploads\/2018\/10\/Logo_Angelverein-150.jpg\" alt=\"\" width=\"150\" height=\"149\" \/>Wie Sie auf unserer Seite gesehen haben, verf\u00fcgen wir \u00fcber wundersch\u00f6ne Gew\u00e4sser, in denen die verschiedensten Fischarten zu finden sind. Die kapitalen F\u00e4nge beweisen, dass es einfach Spa\u00df macht dort zu fischen.Wenn Sie Ihrer Angelleidenschaft in einem Verein mit Gleichgesinnten nachgehen m\u00f6chten und Interesse am Vereinsleben mit vielen gemeinsamen Aktivit\u00e4ten haben, melden Sie sich doch einfach per Mail:\u00a0<a href=\"mailto:angelverein.mastholte@gmail.com\" target=\"_blank\" rel=\"noopener\">angelverein.mastholte@gmail.com<\/a>, oder direkt bei Albert Knepper, um weitere Informationen zu erhalten.<\/p>\n<p>An den regelm\u00e4\u00dfig stattfindenden Angelveranstaltungen (siehe Termine) k\u00f6nnen Sie einen ersten Eindruck unseres sehr aktiven Vereinslebens bekommen. Bei den aufgef\u00fchrten Terminen haben gerade die jungen oder unerfahrenen Angler die M\u00f6glichkeit sich von den \u201ealten Hasen\u201c einiges abschauen zu k\u00f6nnen.<\/p>\n<p>Besonderen Wert legen wir auf die F\u00f6rderung unserer Vereinsjugend. Unser Jugendwart k\u00fcmmert sich mit seinen Helfern um unseren Nachwuchs und bietet verschiedene Veranstaltungen nur f\u00fcr unsere jungen Vereinsmitglieder an. Einen genauen \u00dcberblick k\u00f6nnen Sie sich unter dem Punkt Jugendkalender verschaffen.<\/p>\n<p>F\u00fcr den Eintritt in den Angelsportverein \u201ePetri Heil\u201c Mastholte e.V. entstehen folgende Kosten:<\/td>\n<\/tr>\n<\/tbody>\n<\/table>\n<table>\n<tbody>\n<tr>\n<td width=\"250\"><\/td>\n<td><\/td>\n<\/tr>\n<tr>\n<td><\/td>\n<td width=\"300\">\n<table width=\"300\">\n<tbody>\n<tr>\n<td width=\"133\"><strong>Jahresbeitrag<\/strong><\/td>\n<td width=\"104\"><strong>Erwachsene<\/strong><\/td>\n<td width=\"45\"><strong>120 \u20ac<\/strong><\/td>\n<\/tr>\n<tr>\n<td><strong>Aufnahmebeitrag<\/strong><\/td>\n<td><strong>Erwachsene<\/strong><\/td>\n<td><strong>250 \u20ac<\/strong><\/td>\n<\/tr>\n<tr>\n<td><em>\u00a0<\/em><\/td>\n<td><em>\u00a0<\/em><\/td>\n<td><em>\u00a0<\/em><\/td>\n<\/tr>\n<tr>\n<td><strong>Jahresbeitrag<\/strong><\/td>\n<td><strong>Jugendliche<\/strong><\/td>\n<td><strong>60 \u20ac<\/strong><\/td>\n<\/tr>\n<tr>\n<td><strong>Aufnahmebeitrag<\/strong><\/td>\n<td><strong>Jugendliche<\/strong><\/td>\n<td><strong>0 \u20ac<\/strong><\/td>\n<\/tr>\n<tr>\n<td><em>\u00a0<\/em><\/td>\n<td><em>\u00a0<\/em><\/td>\n<td><em>\u00a0<\/em><\/td>\n<\/tr>\n<tr>\n<td><strong>Jahresbeitrag<\/strong><strong><span style=\"color: #ff0000;\">im ersten Kalenderjahr 0\u20ac<\/span><\/strong><\/td>\n<td><strong>Kinder<\/strong><\/td>\n<td><strong>35 \u20ac<\/strong><\/td>\n<\/tr>\n<tr>\n<td><strong>Aufnahmebeitrag<\/strong><\/td>\n<td><strong>Kinder<\/strong><\/td>\n<td><strong>0 \u20ac<\/strong><\/td>\n<\/tr>\n<\/tbody>\n<\/table>\n<\/td>\n<\/tr>\n<\/tbody>\n<\/table>\n","protected":false},"excerpt":{"rendered":"<p>Wie Sie auf unserer Seite gesehen haben, verf\u00fcgen wir \u00fcber wundersch\u00f6ne Gew\u00e4sser, in denen die verschiedensten Fischarten zu finden sind. Die kapitalen F\u00e4nge beweisen, dass es einfach Spa\u00df macht dort zu fischen.Wenn Sie Ihrer Angelleidenschaft in einem Verein mit Gleichgesinnten nachgehen m\u00f6chten und Interesse am Vereinsleben mit vielen gemeinsamen Aktivit\u00e4ten haben, melden Sie sich doch&hellip;<\/p>\n","protected":false},"author":2,"featured_media":0,"parent":0,"menu_order":0,"comment_status":"closed","ping_status":"closed","template":"","meta":{"footnotes":""},"class_list":["post-64","page","type-page","status-publish","hentry"],"_links":{"self":[{"href":"http:\/\/asv-mastholte.de\/index.php?rest_route=\/wp\/v2\/pages\/64","targetHints":{"allow":["GET"]}}],"collection":[{"href":"http:\/\/asv-mastholte.de\/index.php?rest_route=\/wp\/v2\/pages"}],"about":[{"href":"http:\/\/asv-mastholte.de\/index.php?rest_route=\/wp\/v2\/types\/page"}],"author":[{"embeddable":true,"href":"http:\/\/asv-mastholte.de\/index.php?rest_route=\/wp\/v2\/users\/2"}],"replies":[{"embeddable":true,"href":"http:\/\/asv-mastholte.de\/index.php?rest_route=%2Fwp%2Fv2%2Fcomments&post=64"}],"version-history":[{"count":10,"href":"http:\/\/asv-mastholte.de\/index.php?rest_route=\/wp\/v2\/pages\/64\/revisions"}],"predecessor-version":[{"id":1016,"href":"http:\/\/asv-mastholte.de\/index.php?rest_route=\/wp\/v2\/pages\/64\/revisions\/1016"}],"wp:attachment":[{"href":"http:\/\/asv-mastholte.de\/index.php?rest_route=%2Fwp%2Fv2%2Fmedia&parent=64"}],"curies":[{"name":"wp","href":"https:\/\/api.w.org\/{rel}","templated":true}]}}